{"id":7393,"date":"2019-06-02T10:22:20","date_gmt":"2019-06-02T10:22:20","guid":{"rendered":"https:\/\/sspt.fi\/skydd-av-privatlivet\/"},"modified":"2025-06-09T12:05:13","modified_gmt":"2025-06-09T12:05:13","slug":"skydd-av-privatlivet","status":"publish","type":"page","link":"https:\/\/sspt.fi\/sv\/skydd-av-privatlivet\/","title":{"rendered":"Skydd av privatlivet"},"content":{"rendered":"\t\t<div data-elementor-type=\"wp-page\" data-elementor-id=\"7393\" class=\"elementor elementor-7393 elementor-3\" data-elementor-post-type=\"page\">\n\t\t\t\t\t\t<section class=\"elementor-section elementor-top-section elementor-element elementor-element-51ae3e51 elementor-section-boxed elementor-section-height-default elementor-section-height-default\" data-id=\"51ae3e51\" data-element_type=\"section\" data-e-type=\"section\">\n\t\t\t\t\t\t<div class=\"elementor-container elementor-column-gap-default\">\n\t\t\t\t\t<div class=\"elementor-column elementor-col-100 elementor-top-column elementor-element elementor-element-708a9286\" data-id=\"708a9286\" data-element_type=\"column\" data-e-type=\"column\">\n\t\t\t<div class=\"elementor-widget-wrap elementor-element-populated\">\n\t\t\t\t\t\t<div class=\"elementor-element elementor-element-2e547256 elementor-widget elementor-widget-text-editor\" data-id=\"2e547256\" data-element_type=\"widget\" data-e-type=\"widget\" data-widget_type=\"text-editor.default\">\n\t\t\t\t<div class=\"elementor-widget-container\">\n\t\t\t\t\t\t\t\t\t\n<h1>Skydd av privatlivet<\/h1>\n<p>Vi v\u00e4rnar om v\u00e5ra kunders integritet och ansvarar f\u00f6r att all behandling av personuppgifter sker i enlighet med g\u00e4llande lagstiftning. Denna personuppgiftspolicy f\u00f6rklarar vilka personuppgifter vi samlar in, syftet med behandlingen, dina r\u00e4ttigheter och hur vi arbetar f\u00f6r att s\u00e4kerst\u00e4lla att dina personuppgifter behandlas p\u00e5 ett s\u00e4kert s\u00e4tt. <\/p>\n<p>&nbsp;<\/p>\n<ol>\n<li> <strong> PERSONUPPGIFTER SOM BEHANDLAS OCH SYFTET<\/strong> MED BEHANDLINGEN AV PERSONUPPGIFTER<br>Suomen Savupiippiipputeollisuus Oy (&#8221;Suomen Savupiippiipputeollisuus Oy&#8221; eller &#8221;vi&#8221;) ansvarar f\u00f6r behandlingen av de personuppgifter som du l\u00e4mnar till oss. N\u00e4r du registrerar dig som kund hos oss ber vi dig att uppge ditt fullst\u00e4ndiga namn, adress, e-postadress och telefonnummer. Detta g\u00f6r vi f\u00f6r att kunna hantera din kundrelation och leverera din best\u00e4llning samt f\u00f6r att vid behov kunna kontakta dig ang\u00e5ende din kundrelation. De uppgifter du l\u00e4mnar sparas s\u00e5 l\u00e4nge som du har en aktiv kundrelation med oss. Suomen Savupiippiuteollisuus Oy \u00e4r skyldigt att bevara vissa uppgifter \u00e4ven efter att kundf\u00f6rh\u00e5llandet har upph\u00f6rt, till exempel f\u00f6r att fullg\u00f6ra skyldigheter enligt bokf\u00f6ringslagen.    <\/li>\n<\/ol>\n<p style=\"padding-left: 40px;\">N\u00e4r du l\u00e4mnar dina personuppgifter till oss i samband med en best\u00e4llning kommer dina personuppgifter att anv\u00e4ndas f\u00f6r att behandla best\u00e4llningen. Vi anv\u00e4nder ocks\u00e5 dina uppgifter f\u00f6r att kommunicera med dig och f\u00f6r att skr\u00e4ddarsy v\u00e5ra tj\u00e4nster. Vi kan komma att kontakta dig via telefon, e-post eller brev om du inte har angett att du inte vill bli kontaktad. Efter avslutad relation kommer vi att beh\u00e5lla ditt namn, adress, e-postadress och telefonnummer s\u00e5 att vi kan informera dig om erbjudanden och nyheter om v\u00e5ra produkter som vi tror kan vara av intresse f\u00f6r dig. Detta g\u00e4ller dock inte om du har informerat oss om att du inte vill bli kontaktad f\u00f6r dessa \u00e4ndam\u00e5l. Vi kan ocks\u00e5 komma att rikta erbjudanden till dig personligen.     <\/p>\n<p style=\"padding-left: 40px;\">Finlands Skorstensindustri Ab \u00e4r enligt bokf\u00f6rings- och skattelagstiftningen skyldigt att spara vissa personuppgifter som g\u00e4ller dina transaktioner i samband med tidigare best\u00e4llningar i fem \u00e5r efter r\u00e4kenskapsperiodens slut. Innan Suomen Savupiipputeollisuus Oy godk\u00e4nner en ny best\u00e4llning kan bolaget kontrollera att det inte finns n\u00e5gra obetalda fakturor fr\u00e5n tidigare best\u00e4llningar. <\/p>\n<p style=\"padding-left: 40px;\">Dina personuppgifter kan ocks\u00e5 komma att anv\u00e4ndas f\u00f6r bokf\u00f6ring, fakturering och revision, f\u00f6r betalningskvitton, administrativa och juridiska fr\u00e5gor, f\u00f6r statistik- och marknadsf\u00f6ringsanalyser f\u00f6r att f\u00f6rb\u00e4ttra anv\u00e4ndbarheten av v\u00e5ra tj\u00e4nster, webbplatser och webbsidor, f\u00f6r utveckling och underh\u00e5ll av v\u00e5ra system samt f\u00f6r kundunders\u00f6kningar.<\/p>\n<p style=\"padding-left: 40px;\">Om du \u00e4r under 18 \u00e5r och ska g\u00f6ra ett k\u00f6p m\u00e5ste du ha din v\u00e5rdnadshavares samtycke innan du l\u00e4mnar dina personuppgifter och g\u00f6r ett k\u00f6p.<\/p>\n<p style=\"padding-left: 40px;\">Vi behandlar dina personuppgifter endast f\u00f6r de \u00e4ndam\u00e5l som antingen anges i v\u00e5rt avtal, som grundar sig p\u00e5 Suomen Savupiipputeollisuus Oy:s ber\u00e4ttigade intresse eller om du har gett oss ditt samtycke till att behandla dina personuppgifter. Om du har gett oss ditt samtycke, har du r\u00e4tt att n\u00e4r som helst \u00e5terkalla ditt samtycke till behandlingen av dina personuppgifter. <\/p>\n<p style=\"padding-left: 40px;\">Det \u00e4r v\u00e5r policy att inte be v\u00e5ra kunder om eller behandla k\u00e4nslig information. L\u00e4mna d\u00e4rf\u00f6r inte k\u00e4nslig information till oss (t.ex. information om ras eller etniskt ursprung, politiska \u00e5sikter, religi\u00f6s eller filosofisk \u00f6vertygelse, medlemskap i fackf\u00f6rening, h\u00e4lsa eller sexuell l\u00e4ggning eller beteende). <\/p>\n<p>&nbsp;<\/p>\n<ol start=\"2\">\n<li> <strong> VAR VI SAMLAR IN DINA PERSONUPPGIFTER<\/strong><br>De personuppgifter som behandlas av Suomen Savupiippiuteollisuus Oy samlas in fr\u00e5n dig p\u00e5 det s\u00e4tt som anges i punkt 1 i samband med registreringen.<\/li>\n<\/ol>\n<p style=\"padding-left: 40px;\">Vi samlar ocks\u00e5 in information om k\u00f6n och f\u00f6delsedatum f\u00f6r att utveckla v\u00e5ra produkter och rikta v\u00e5r marknadsf\u00f6ring, liksom information om adress och telefonnummer, s\u00e5vida du inte sj\u00e4lv har l\u00e4mnat denna information.<\/p>\n<p>&nbsp;<\/p>\n<ol start=\"3\">\n<li> <strong> \u00d6VERF\u00d6RING AV PERSONUPPGIFTER TILL TREDJE PART<\/strong><br>Vi kan anv\u00e4nda oss av personuppgiftsbitr\u00e4den, b\u00e5de i Finland och utomlands, f\u00f6r att behandla de personuppgifter som samlas in. Vi har skriftliga avtal med alla v\u00e5ra personuppgiftsbitr\u00e4den d\u00e4r personuppgiftsbitr\u00e4dena garanterar att de kommer att vidta l\u00e4mpliga s\u00e4kerhets\u00e5tg\u00e4rder f\u00f6r att s\u00e4kerst\u00e4lla att behandlingen av personuppgifter sker p\u00e5 ett s\u00e4kert s\u00e4tt och i enlighet med till\u00e4mplig och g\u00e4llande integritetslagstiftning. <\/li>\n<\/ol>\n<p style=\"padding-left: 40px;\">Vi kan ocks\u00e5 dela dina personuppgifter med f\u00f6retag som h\u00f6r till samma koncern eller med personuppgiftsbitr\u00e4den som vi anv\u00e4nder f\u00f6r de \u00e4ndam\u00e5l som n\u00e4mns i punkt 1, b\u00e5de inom och utanf\u00f6r EU\/EES. Suomen Savupiippiuteollisuus Oy kommer att vidta l\u00e4mpliga skydds\u00e5tg\u00e4rder i form av bindande f\u00f6retagsregler (EU-kommissionens standardavtalsklausuler) f\u00f6r att s\u00e4kerst\u00e4lla att \u00f6verf\u00f6ringen av dina personuppgifter sker i enlighet med till\u00e4mplig och giltig integritetslagstiftning. <\/p>\n<p style=\"padding-left: 40px;\">Vi kan komma att l\u00e4mna ut dina personuppgifter om det kr\u00e4vs enligt lag eller om du skickar material till oss vars inneh\u00e5ll bed\u00f6ms vara olagligt.<\/p>\n<p>&nbsp;<\/p>\n<ol start=\"4\">\n<li> <strong> \u00d6VERF\u00d6RING AV H\u00c4NDELSER TILL TREDJE PARTER<\/strong><br>P\u00e5 v\u00e5r webbplats anv\u00e4nder vi pixlar fr\u00e5n det sociala n\u00e4tverket facebook.com, Facebook Inc, 1601 S. California Ave, Palo Alto, CA 94304, USA (&#8221;Facebook&#8221;). Facebook Pixels \u00e4r ett analysverktyg som hj\u00e4lper oss att m\u00e4ta hur effektiva v\u00e5ra annonser \u00e4r p\u00e5 Facebook genom att tolka m\u00e4nniskors handlingar p\u00e5 v\u00e5r webbplats. Vi anv\u00e4nder Pixels f\u00f6r att se till att v\u00e5ra annonser visas f\u00f6r r\u00e4tt personer och f\u00f6r att skapa l\u00e4mpliga annonsgrupper.<br>Facebooks syften, datalagring, dataanv\u00e4ndning och vidare bearbetning samt dina r\u00e4ttigheter och integritetsval finns i Facebooks integritetsf\u00f6rklaring: https:\/\/www.facebook.com\/about\/privacy\/ Om du inte vill att Facebook ska kunna samla in information om dig n\u00e4r du bes\u00f6ker v\u00e5r webbplats, m\u00e5ste du logga ut fr\u00e5n Facebook innan du kommer till v\u00e5r webbplats.<br>V\u00e5ra kommersiella partners anv\u00e4nder cookies fr\u00e5n Facebook f\u00f6r ovanst\u00e5ende \u00e4ndam\u00e5l. Vi har uppr\u00e4ttat databehandlingsavtal med alla andra tredje parter som kan komma att anv\u00e4nda s\u00e5dana cookies\/personuppgifter fr\u00e5n oss.   <\/li>\n<\/ol>\n<p>&nbsp;<\/p>\n<ol start=\"5\">\n<li> <strong> DIREKTMARKNADSF\u00d6RING MED EMAIL<\/strong><br>Om du \u00e4r kund hos Suomen Savupiipputeollisuus Oy kan vi anv\u00e4nda dina personuppgifter f\u00f6r att skicka dig erbjudanden och nyheter om v\u00e5ra produkter som vi tror kan vara av intresse f\u00f6r dig. Du kan n\u00e4r som helst avst\u00e5 fr\u00e5n p\u00e5g\u00e5ende marknadsf\u00f6ring. Det g\u00f6r du enklast genom att f\u00f6lja instruktionerna som f\u00f6ljer med varje utskick eller genom att kontakta oss (se kontaktuppgifter nedan).  <\/li>\n<\/ol>\n<p>&nbsp;<\/p>\n<ol start=\"6\">\n<li> <strong> S\u00c4KERHET<\/strong><br>Alla personuppgifter behandlas i en s\u00e4ker milj\u00f6. Vi anv\u00e4nder SSL-krypteringsteknik (Secure Sockets Layer) p\u00e5 v\u00e5r webbplats. Detta \u00e4r en av de mest avancerade s\u00e4kerhetsprogram som finns tillg\u00e4ngliga idag f\u00f6r online-transaktioner. SSL krypterar all din personliga information s\u00e5 att den inte kan l\u00e4sas p\u00e5 Internet.   <\/li>\n<\/ol>\n<p>&nbsp;<\/p>\n<ol start=\"7\">\n<li> <strong> R\u00c4TTELSE OCH RADERING AV PERSONUPPGIFTER<\/strong><br>Suomen Savupiippiuteollisuus Oy kommer p\u00e5 eget initiativ eller p\u00e5 din beg\u00e4ran att r\u00e4tta eller radera felaktiga eller ofullst\u00e4ndiga personuppgifter eller uppgifter som Suomen Savupiippiipputeollisuus Oy inte har en legitim grund f\u00f6r att behandla.<\/li>\n<\/ol>\n<p style=\"padding-left: 40px;\">Dina personuppgifter raderas\/anonymiseras n\u00e4r de inte l\u00e4ngre beh\u00f6vs f\u00f6r de \u00e4ndam\u00e5l som beskrivs i punkt 1 ovan, s\u00e5vida inte Finlands Skorstensindustri Ab enligt lag \u00e4r skyldigt att bevara uppgifterna.<\/p>\n<p style=\"padding-left: 40px;\">under en l\u00e4ngre tid. Efter att kundrelationen har upph\u00f6rt bed\u00f6mer Suomen Savupiippiuteollisuus Oy behovet av fortsatt behandling av dina personuppgifter. Alla personuppgifter som inte l\u00e4ngre beh\u00f6vs f\u00f6r behandlingens \u00e4ndam\u00e5l raderas\/anonymiseras. Efter detta datum kommer all fortsatt behandling av dina personuppgifter att ske p\u00e5 grundval av lag eller ditt uttryckliga samtycke.   <\/p>\n<p>&nbsp;<\/p>\n<ol start=\"8\">\n<li> <strong> LAGRINGSTID<\/strong><br>Suomen Savupiippiuteollisuus Oy lagrar inte dina personuppgifter l\u00e4ngre \u00e4n vad som \u00e4r n\u00f6dv\u00e4ndigt f\u00f6r de \u00e4ndam\u00e5l som n\u00e4mns i punkt 1.<\/li>\n<\/ol>\n<p>&nbsp;<\/p>\n<ol start=\"9\">\n<li> <strong> DINA R\u00c4TTIGHETER<\/strong><br>Du har r\u00e4tt att f\u00e5 veta vilken information vi behandlar om dig, varifr\u00e5n vi f\u00e5tt den och hur den anv\u00e4nds. Du har ocks\u00e5 r\u00e4tt att f\u00e5 en kopia av den information vi har om dig och r\u00e4tt att f\u00e5 dina personuppgifter raderade, r\u00e4ttade eller begr\u00e4nsade. Du har ocks\u00e5 r\u00e4tt att beg\u00e4ra att de personuppgifter som du har l\u00e4mnat till oss \u00f6verf\u00f6rs till en annan juridisk person (&#8221;dataportabilitet&#8221;), om behandlingen grundar sig p\u00e5 samtycke eller avtal med oss och om behandlingen \u00e4r <a style=\"color: #808285; text-decoration: none;\" href=\"https:\/\/magpal.fi\/autokorjaamo-vantaa-autokorjaamon-palvelut\/\" target=\"_blank\" rel=\"noopener\">automatiserad<\/a>. Om du har n\u00e5gra fr\u00e5gor om de uppgifter vi behandlar om dig eller vill ut\u00f6va dina r\u00e4ttigheter, ska du kontakta oss skriftligen p\u00e5 adressen nedan. Om du vill uppdatera dina personuppgifter eller \u00e4ndra ditt val av kommunikationsmetod eller inte vill f\u00e5 framtida marknadsf\u00f6ring fr\u00e5n oss, kan du skicka en skriftlig beg\u00e4ran till adressen nedan.    <\/li>\n<\/ol>\n<p>&nbsp;<\/p>\n<ol start=\"10\">\n<li>  ANSVARIG <strong> F\u00d6R PERSONUPPGIFTER<\/strong><br>Ansvarig f\u00f6r behandlingen av dina personuppgifter \u00e4r:<\/li>\n<\/ol>\n<p>Finska skorstensindustrin Ab, tel. Finland<br>Kivikankaantie 7, 86300 Oulainen<br>E-post: esa.paivarinta@sspt.fi <\/p>\n<p>Om du vill l\u00e4mna in ett klagom\u00e5l om behandlingen av dina personuppgifter kan du alltid kontakta dataombudsmannen, PB 800, 00521 Helsingfors.<\/p>\n<p>&nbsp;<\/p>\n<ol start=\"11\">\n<li>  ANV\u00c4NDNING AV <strong> KAKOR<\/strong><br>Finlands Skorstensindustri Ab anv\u00e4nder kakor f\u00f6r att rikta remarketingm\u00e5lgrupper f\u00f6r Google Ads-annonser baserat p\u00e5 historiken eller demografin f\u00f6r en bes\u00f6kares bes\u00f6k och intressen. Cookies anv\u00e4nds ocks\u00e5 f\u00f6r att sp\u00e5ra demografi och intressen i Google Analytics och f\u00f6r segmentering baserat p\u00e5 denna information. Du kan l\u00e4sa mer om v\u00e5r anv\u00e4ndning av cookies h\u00e4r.  <br>En f\u00f6rstapartscookie \u00e4r en cookie som har samma dom\u00e4navs\u00e4ndare som webbplatsen, dvs. cookien h\u00e4rstammar fr\u00e5n den webbplats som anv\u00e4ndaren bes\u00f6ker. Vi anv\u00e4nder analysprogrammet Google Analytics f\u00f6r att samla in information om hur webbplatsen anv\u00e4nds, t.ex. de mest popul\u00e4ra sidorna, hur mycket tid som tillbringas p\u00e5 webbplatsen och hur anv\u00e4ndarna n\u00e5r webbplatsen, t.ex. via en s\u00f6kmotor eller en reklambanner.<br>En tredjepartscookie \u00e4r en cookie vars avs\u00e4ndare kommer fr\u00e5n en annan dom\u00e4n \u00e4n den du bes\u00f6ker. F\u00f6r att vi ska kunna rikta v\u00e5r reklam efter t.ex. bes\u00f6karnas intressen, bes\u00f6kshistorik och demografi, och f\u00f6r att skapa remarketingm\u00e5lgrupper, anv\u00e4nder vi tj\u00e4nsteleverant\u00f6rer som ocks\u00e5 anv\u00e4nder cookies.<br>Om du vill kan du blockera tredjepartscookies genom att bes\u00f6ka http:\/\/networkadvertising.org\/managing\/opt_out.asp och avmarkera rutan.<br>Om du vill kan du ocks\u00e5 blockera cookies som lagras av Google genom att bes\u00f6ka http:\/\/www.google.com\/settings\/ads och st\u00e4lla in dina preferenser.   <\/li>\n<\/ol>\n<p>&nbsp;<\/p>\n<ol start=\"12\">\n<li> <strong> UPPDATERINGAR<\/strong> AV PERSONUPPGIFTER<br>Vi kan komma att \u00e4ndra denna integritetspolicy. Vi g\u00f6r detta f\u00f6r att anpassa v\u00e5r praxis till f\u00f6r\u00e4ndringar i till\u00e4mplig lag och till\u00e4mpliga ramavtal och kommersiella behov, eller f\u00f6r att tillgodose behoven hos v\u00e5ra kunder, marknadsf\u00f6ringspartners och tj\u00e4nsteleverant\u00f6rer. Uppdaterade versioner med datum f\u00f6r \u00e4ndringar kommer att l\u00e4ggas ut p\u00e5 v\u00e5r webbplats <a href=\"https:\/\/sspt.fi\/?page_id=5368\">https:\/\/sspt.fi\/ <\/a>f\u00f6r att tydligt ange n\u00e4r den senaste \u00e4ndringen gjordes.  <\/li>\n<\/ol>\n<p>Integritetspolicyn uppdaterades senast den 25.03.2020.<\/p>\n<p>&nbsp;<\/p>\n<p><em>Kakor (cookies)<\/em><\/p>\n<p>Vi anv\u00e4nder cookies p\u00e5 v\u00e5r webbplats f\u00f6r att sp\u00e5ra bes\u00f6kstrafik, f\u00f6rb\u00e4ttra servicekvaliteten och rikta reklam. En cookie \u00e4r en liten textfil som skickas till och lagras p\u00e5 en anv\u00e4ndares dator, surfplatta eller mobiltelefon. <\/p>\n<p>&nbsp;<\/p>\n<p>Om du vill kan du avaktivera anv\u00e4ndningen av cookies i inst\u00e4llningarna f\u00f6r din webbl\u00e4sare, men om du avaktiverar cookies kan det fortfarande p\u00e5verka onlinebutikernas funktion. Cookies \u00e4r s\u00e4kra att anv\u00e4nda och skadar inte anv\u00e4ndarnas datorer eller filer. <\/p>\n<p>&nbsp;<\/p>\n<p>Cookies g\u00f6r det m\u00f6jligt f\u00f6r oss att rikta v\u00e5r reklam p\u00e5 externa webbplatser, till exempel baserat p\u00e5 vilka sidor du har bes\u00f6kt, och g\u00f6r det ocks\u00e5 m\u00f6jligt f\u00f6r oss att analysera och f\u00f6rb\u00e4ttra v\u00e5r webbplats.<\/p>\n<p>&nbsp;<\/p>\n<p>Det finns tv\u00e5 typer av cookies, permanenta och tillf\u00e4lliga. Tillf\u00e4lliga cookies, eller sessionscookies, upph\u00f6r att g\u00e4lla n\u00e4r anv\u00e4ndaren st\u00e4nger webbl\u00e4saren. Permanenta cookies lagras under en l\u00e4ngre tid och har ett utg\u00e5ngsdatum. Permanenta cookies raderas n\u00e4r utg\u00e5ngsdatumet har passerats eller om du v\u00e4ljer att radera dem manuellt.   <\/p>\n<p>&nbsp;<\/p>\n<p>Du kan v\u00e4lja om du vill acceptera cookies fr\u00e5n olika webbplatser eller inte. Om du har st\u00e4llt in din dator s\u00e5 att den accepterar cookies fr\u00e5n webbplatser kommer detta att tolkas som att du accepterar cookies fr\u00e5n v\u00e5r webbplats. Du kan radera cookies fr\u00e5n din dator eller \u00e4ndra dina inst\u00e4llningar s\u00e5 att din webbl\u00e4sare varnar dig n\u00e4r en webbplats f\u00f6rs\u00f6ker lagra en cookie p\u00e5 din dator.  <\/p>\n<p>&nbsp;<\/p>\n<p>En f\u00f6rstapartscookie \u00e4r en cookie som har samma dom\u00e4navs\u00e4ndare som webbplatsen, dvs. cookien h\u00e4rstammar fr\u00e5n den webbplats som anv\u00e4ndaren bes\u00f6ker.<\/p>\n<p>&nbsp;<\/p>\n<p>Vi anv\u00e4nder analysprogrammet Google Analytics f\u00f6r att samla in information om hur webbplatsen anv\u00e4nds, t.ex. de mest popul\u00e4ra sidorna, hur mycket tid som tillbringas p\u00e5 webbplatsen och hur anv\u00e4ndarna kommer till webbplatsen, t.ex. via en s\u00f6kmotor eller en reklambanner. <\/p>\n<p>&nbsp;<\/p>\n<p>Vi anv\u00e4nder f\u00f6rstapartscookies f\u00f6r analytiska \u00e4ndam\u00e5l:<\/p>\n<p>Google analytics_utma: Best\u00e4ndig cookie. Anv\u00e4nds f\u00f6r att skilja mellan anv\u00e4ndare och sessioner. Denna cookie raderas efter tv\u00e5 \u00e5r fr\u00e5n det senaste bes\u00f6ket.<br>Google analytics _ utmb: Best\u00e4ndig cookie. Anv\u00e4nds f\u00f6r att skilja mellan nya och \u00e5terkommande bes\u00f6kare. Denna cookie raderas efter 30 minuter.<br>Google analytics _utmc: Sessionscookie. Anv\u00e4nds f\u00f6r att skilja mellan nya och \u00e5terkommande bes\u00f6kare. Cookien raderas n\u00e4r du l\u00e4mnar webbplatsen.<br>Google analytics _ utmz: Sessionscookie. Registrerar trafikk\u00e4llan eller kampanjen som ber\u00e4ttar hur anv\u00e4ndaren kom till webbplatsen. Raderas efter 6 m\u00e5nader.        <\/p>\n<p>&nbsp;<\/p>\n<p>En tredjepartscookie \u00e4r en cookie vars avs\u00e4ndare kommer fr\u00e5n en annan dom\u00e4n \u00e4n den som anv\u00e4ndaren bes\u00f6ker. F\u00f6r att vi ska kunna rikta v\u00e5r annonsering efter t.ex. intressen och bes\u00f6kshistorik anv\u00e4nder vi tj\u00e4nsteleverant\u00f6rer som ocks\u00e5 anv\u00e4nder cookies. <\/p>\n<p>&nbsp;<\/p>\n<p>Om du vill kan du blockera tredjepartscookies genom att bes\u00f6ka http:\/\/networkadvertising.org\/managing\/opt_out.asp och avmarkera rutan.<\/p>\n<p>&nbsp;<\/p>\n<p>Om du vill kan du ocks\u00e5 blockera cookies som lagras av Google genom att bes\u00f6ka http:\/\/www.google.com\/settings\/ads och konfigurera dina inst\u00e4llningar.<\/p>\n<p>&nbsp;<\/p>\n\t\t\t\t\t\t\t\t<\/div>\n\t\t\t\t<\/div>\n\t\t\t\t\t<\/div>\n\t\t<\/div>\n\t\t\t\t\t<\/div>\n\t\t<\/section>\n\t\t\t\t<\/div>\n\t\t","protected":false},"excerpt":{"rendered":"<p>Skydd av privatlivet Vi v\u00e4rnar om v\u00e5ra kunders integritet och ansvarar f\u00f6r att all behandling av personuppgifter sker i enlighet med g\u00e4llande lagstiftning. Denna personuppgiftspolicy f\u00f6rklarar vilka personuppgifter vi samlar in, syftet med behandlingen, dina r\u00e4ttigheter och hur vi arbetar f\u00f6r att s\u00e4kerst\u00e4lla att dina personuppgifter behandlas p\u00e5 ett s\u00e4kert s\u00e4tt. &nbsp; PERSONUPPGIFTER SOM BEHANDLAS [&hellip;]<\/p>\n","protected":false},"author":1,"featured_media":0,"parent":0,"menu_order":0,"comment_status":"closed","ping_status":"open","template":"","meta":{"footnotes":""},"class_list":["post-7393","page","type-page","status-publish","hentry"],"_links":{"self":[{"href":"https:\/\/sspt.fi\/sv\/wp-json\/wp\/v2\/pages\/7393","targetHints":{"allow":["GET"]}}],"collection":[{"href":"https:\/\/sspt.fi\/sv\/wp-json\/wp\/v2\/pages"}],"about":[{"href":"https:\/\/sspt.fi\/sv\/wp-json\/wp\/v2\/types\/page"}],"author":[{"embeddable":true,"href":"https:\/\/sspt.fi\/sv\/wp-json\/wp\/v2\/users\/1"}],"replies":[{"embeddable":true,"href":"https:\/\/sspt.fi\/sv\/wp-json\/wp\/v2\/comments?post=7393"}],"version-history":[{"count":12,"href":"https:\/\/sspt.fi\/sv\/wp-json\/wp\/v2\/pages\/7393\/revisions"}],"predecessor-version":[{"id":8306,"href":"https:\/\/sspt.fi\/sv\/wp-json\/wp\/v2\/pages\/7393\/revisions\/8306"}],"wp:attachment":[{"href":"https:\/\/sspt.fi\/sv\/wp-json\/wp\/v2\/media?parent=7393"}],"curies":[{"name":"wp","href":"https:\/\/api.w.org\/{rel}","templated":true}]}}